{"id":2617,"date":"2026-01-11T11:54:48","date_gmt":"2026-01-11T10:54:48","guid":{"rendered":"https:\/\/www.emporiovaltaro.it\/?page_id=2617"},"modified":"2026-01-11T12:33:00","modified_gmt":"2026-01-11T11:33:00","slug":"dona-una-spesa-ad-emporio-solidale-valtaro","status":"publish","type":"page","link":"https:\/\/www.emporiovaltaro.it\/?page_id=2617","title":{"rendered":"EMPORIO SOLIDALE VALTARO"},"content":{"rendered":"\n\t<div class=\"charitable-campaign-wrap template-simple-1-col charitable-campaign-wrap-id-2581\">\n\n\t\t<div class=\"charitable-campaign-container\">\n\n\t\t\n\t\t\t\t\t<!-- row START -->\n\t\t\t\t\t<div id=\"charitable-template-row-0\" data-row-id=\"0\" data-row-type=\"row\" class=\"charitable-campaign-row charitable-campaign-row-type-row no-css\">\n\n\t\t\t\t\t<!-- column START --><div data-column-id=\"0\" class=\"charitable-campaign-column charitable-campaign-column-0\"><!-- section START --><div data-section-id=\"0\" data-section-type=\"fields\" class=\"section charitable-field-section\"><div class=\"charitable-campaign-field charitable-campaign-field-campaign-description charitable-campaign-field-container charitable-campaign-align-center charitable-campaign-columns-1\"><div class=\"charitable-campaign-field-inner\" style=\"width: 90%\"><div class=\"charitable-field-title-description title-description\" data-field-type=\"campaign-description\">\n\t\t\t\t\t\t\t\t\t<div class=\"placeholder charitable-placeholder\"><h5 class=\"charitable-field-template-headline\">DONA UNA SPESA SOLIDALE<\/h5>\n\t\t\t\t\t\t\t\t\t\t<div class=\"charitable-campaign-builder-placeholder-template-text charitable-campaign-builder-no-description-template charitable-prevent-select\"><p>SOSTIENI L\u2019EMPORIO SOLIDALE VALTARO Dona una spesa solidale all\u2019Emporio Solidale Valtaro , la donazione sara\u2019 utilizzata per acquisto di generi alimentari, per l&#8217;infanzia e sostegno all&#8217;istruzione. I generi saranno distribuiti nella giornata di venerd\u00ec La donazione pu\u00f2 essere anonima o nominativa, Verr\u00e0 inviata al donatore una ricevuta della donazioni. La ricevuta, insieme allo scontrino di pagamento online da diritto allo sgravio IRPEF pari al 35% del totale donato, per un massimo di 30.000 euro annui. LA MAIL DI RICEVUTA NON COSTITUISCE DOCUMENTO FISCALE CHE SARA&#8217; INVIATO NEI PROSSIMI GIORNI<\/p>\n<\/div>\n\t\t\t\t\t\t\t\t\t<\/div>\n\t\t\t\t\t\t\t\t<\/div><\/div><\/div><div class=\"charitable-campaign-field charitable-campaign-field-social-sharing charitable-campaign-field-container charitable-campaign-align-center charitable-campaign-columns-1\"><div class=\"charitable-campaign-field-inner\" style=\"width: 100%\"><div class=\"charitable-field-template-social-sharing\">\n\t\t\t\t\t<div class=\"charitable-field-template-social-sharing-headline-container placeholder\"><h5 class=\"charitable-field-template-headline\">Condividi:<\/h5><\/div>\n\t\t\t\t\t\t<div class=\"charitable-field-row\"><div class=\"charitable-social-field-column charitable-social-sharing-template-twitter\">\n\t\t\t\t\t\t\t\t\t\t<div class=\"charitable-campaign-social-link\" data-social-network=\"twitter\">\n\t\t\t\t\t\t\t\t\t\t\t<a href=\"https:\/\/x.com\/intent\/post?text=Dona%20una%20SPESA%20ad%20EMPORIO%20SOLIDALE%20VALTARO&#038;url=https%3A%2F%2Fwww.emporiovaltaro.it%2F%3Fcampaign%3Ddona-una-spesa-ad-emporio-solidale-valtaro\" target=\"_blank\">\n\t\t\t\t\t\t\t\t\t\t\t\t<div><img decoding=\"async\" title=\"Condividi su Twitter \/ X\"  src=\"https:\/\/www.emporiovaltaro.it\/wp-content\/plugins\/charitable\/assets\/images\/campaign-builder\/fields\/social-sharing\/twitter.svg\" alt=\"Twitter \/ X\" \/><\/div>\n\t\t\t\t\t\t\t\t\t\t\t\t<p>Twitter \/ X<\/p>\n\t\t\t\t\t\t\t\t\t\t\t<\/a>\n\t\t\t\t\t\t\t\t\t\t<\/div>\n\t\t\t\t\t\t\t\t\t<\/div><div class=\"charitable-social-field-column charitable-social-sharing-template-facebook\">\n\t\t\t\t\t\t\t\t\t\t<div class=\"charitable-campaign-social-link\" data-social-network=\"facebook\">\n\t\t\t\t\t\t\t\t\t\t\t<a href=\"https:\/\/www.facebook.com\/sharer\/sharer.php?u=https%3A%2F%2Fwww.emporiovaltaro.it%2F%3Fcampaign%3Ddona-una-spesa-ad-emporio-solidale-valtaro\" target=\"_blank\">\n\t\t\t\t\t\t\t\t\t\t\t\t<div><img decoding=\"async\" title=\"Condividi su Facebook\"  src=\"https:\/\/www.emporiovaltaro.it\/wp-content\/plugins\/charitable\/assets\/images\/campaign-builder\/fields\/social-sharing\/facebook.svg\" alt=\"Facebook\" \/><\/div>\n\t\t\t\t\t\t\t\t\t\t\t\t<p>Facebook<\/p>\n\t\t\t\t\t\t\t\t\t\t\t<\/a>\n\t\t\t\t\t\t\t\t\t\t<\/div>\n\t\t\t\t\t\t\t\t\t<\/div><div class=\"charitable-social-field-column charitable-social-sharing-template-linkedin\">\n\t\t\t\t\t\t\t\t\t\t<div class=\"charitable-campaign-social-link\" data-social-network=\"linkedin\">\n\t\t\t\t\t\t\t\t\t\t\t<a href=\"https:\/\/www.linkedin.com\/sharing\/share-offsite\/?url=https%3A%2F%2Fwww.emporiovaltaro.it%2F%3Fcampaign%3Ddona-una-spesa-ad-emporio-solidale-valtaro\" target=\"_blank\">\n\t\t\t\t\t\t\t\t\t\t\t\t<div><img decoding=\"async\" title=\"Condividi su LinkedIn\"  src=\"https:\/\/www.emporiovaltaro.it\/wp-content\/plugins\/charitable\/assets\/images\/campaign-builder\/fields\/social-sharing\/linkedin.svg\" alt=\"LinkedIn\" \/><\/div>\n\t\t\t\t\t\t\t\t\t\t\t\t<p>LinkedIn<\/p>\n\t\t\t\t\t\t\t\t\t\t\t<\/a>\n\t\t\t\t\t\t\t\t\t\t<\/div>\n\t\t\t\t\t\t\t\t\t<\/div><\/div><\/div><\/div><\/div><div class=\"charitable-campaign-field charitable-campaign-field-photo charitable-campaign-field-container charitable-campaign-align-center charitable-campaign-columns-1\"><div class=\"charitable-campaign-field-inner\" style=\"width: 70%\">\n\t\t\t\t<div class=\"charitable-campaign-primary-image\">\n\t\t\t\t\t<img decoding=\"async\" src=\"https:\/\/www.emporiovaltaro.it\/wp-content\/uploads\/2026\/02\/spesa_donata-e1772020042848.png\" alt=\"\" \/>\n\t\t\t\t<\/div>\n\n\n\t\t\t\t<\/div><\/div><\/div><!-- section END -->\n\t\t\t\t\t\t\t\t<\/div>\n\n\t\t\t\t\t\t\t<!-- column END -->\n\t\t\t\t\t<\/div>\n\n\t\t\t\t\t<!-- row END -->\n\t\t\t\t\n\t\t\t\t\t<!-- row START -->\n\t\t\t\t\t<div id=\"charitable-template-row-1\" data-row-id=\"1\" data-row-type=\"row\" class=\"charitable-campaign-row charitable-campaign-row-type-row no-padding no-field-target no-field-wrap\">\n\n\t\t\t\t\t<!-- column START --><div data-column-id=\"1\" class=\"charitable-campaign-column charitable-campaign-column-1\"><!-- section START --><div data-section-id=\"0\" data-section-type=\"tabs\" class=\"section charitable-field-section\">\t\t\t\t\t\t\t\t\t<article>\n\t\t\t\t\t\t\t\t\t\t\t\t\t\t\t\t\t\t\t\t<div class=\"tab-content\">\n\n\t\t\t\t\t\t\t\t\t\t\t<ul class=\"charitable-tabs\">\n\n\t\t\t\t\t\t\t\t\t\t\t\n\t\t\t\t\t\t\t\t\t\t\t\t\t\t\t\t\t\t\t\t\t\t\t\t\t<li id=\"tab_0_content\" class=\"tab_content_item tab_type_ active\" data-tab-type=\"\" data-tab-id=\"0\">\n\n\t\t\t\t\t\t\t\t\t\t\t\t\t\t\t<div class=\"charitable-tab-wrap\">\n\n\t\t\t\t\t\t\t\t\t\t\t\t\t<div class=\"charitable-campaign-field charitable-campaign-field-donate-button charitable-campaign-field-container charitable-campaign-align-center charitable-campaign-columns-1\"><div class=\"charitable-campaign-field-inner\" style=\"width: 80%\">\n\t\t\t<div >\n\n\t\t\t\n\t\t\t\t<div class=\"campaign-donation\">\n\t\t\t\t\t<a data-trigger-modal=\"charitable-donation-form-modal-2581\"\n\t\t\t\t\t\tdata-campaign-id=\"2581\"\n\t\t\t\t\t\tclass=\"button charitable-button donate-button button-primary\"\n\t\t\t\t\t\thref=\"https:\/\/www.emporiovaltaro.it\/?campaign=dona-una-spesa-ad-emporio-solidale-valtaro&#038;donate=1\"\n\t\t\t\t\t\t\t\t\t\taria-label=\"Fai una donazione a Dona una SPESA ad EMPORIO SOLIDALE VALTARO\">\n\t\t\t\t\tDONA ORA LA SPESA DEL VALORE CHE VUOI!\t\t\t\t<\/a>\n\t\t\t\t<\/div>\n\n\n\t\t\t\t\n\t\t\t<\/div>\n\n\n\n\t\t\t<\/div><\/div>\t\t\t\t\t\t\t\t\t\t\t\t\t\t\t<\/div>\n\n\t\t\t\t\t\t\t\t\t\t\t\t\t\t<\/li>\n\n\t\t\t\t\t\t\t\t\t\t\t\t\t\n\t\t\t\t\t\t\t\t\t\t\t\t\t\t\t\t\t\t\t\t\t\t\t<\/ul>\n\t\t\t\t\t\t\t\t\t\t<\/div>\n\t\t\t\t\t\t\t\t\t<\/article>\n\n\t\t\t\t\t\t\t\t\t\n\t\t\t\t\t\t\t\t\t<\/div><!-- section END -->\n\t\t\t\t\t\t\t\t<\/div>\n\n\t\t\t\t\t\t\t<!-- column END -->\n\t\t\t\t\t<\/div>\n\n\t\t\t\t\t<!-- row END -->\n\t\t\t\t\n\t\t\t<\/div>\n\t\t<\/div>\n\n\t<div class=\"pdfprnt-buttons pdfprnt-buttons-page pdfprnt-bottom-right\"><a href=\"https:\/\/www.emporiovaltaro.it\/index.php?rest_route=%2Fwp%2Fv2%2Fpages%2F2617&print=print\" class=\"pdfprnt-button pdfprnt-button-print\" target=\"_blank\" ><img decoding=\"async\" src=\"https:\/\/www.emporiovaltaro.it\/wp-content\/plugins\/pdf-print\/images\/print.png\" alt=\"image_print\" title=\"Stampa contenuto\" \/><\/a><\/div>","protected":false},"excerpt":{"rendered":"","protected":false},"author":113,"featured_media":0,"parent":0,"menu_order":0,"comment_status":"closed","ping_status":"closed","template":"page-onecolumn.php","meta":{"om_disable_all_campaigns":false,"_monsterinsights_skip_tracking":false,"_monsterinsights_sitenote_active":false,"_monsterinsights_sitenote_note":"","_monsterinsights_sitenote_category":0,"footnotes":""},"tags":[42,44],"class_list":["post-2617","page","type-page","status-publish","hentry","tag-donazione","tag-solidarieta"],"aioseo_notices":[],"_links":{"self":[{"href":"https:\/\/www.emporiovaltaro.it\/index.php?rest_route=\/wp\/v2\/pages\/2617","targetHints":{"allow":["GET"]}}],"collection":[{"href":"https:\/\/www.emporiovaltaro.it\/index.php?rest_route=\/wp\/v2\/pages"}],"about":[{"href":"https:\/\/www.emporiovaltaro.it\/index.php?rest_route=\/wp\/v2\/types\/page"}],"author":[{"embeddable":true,"href":"https:\/\/www.emporiovaltaro.it\/index.php?rest_route=\/wp\/v2\/users\/113"}],"replies":[{"embeddable":true,"href":"https:\/\/www.emporiovaltaro.it\/index.php?rest_route=%2Fwp%2Fv2%2Fcomments&post=2617"}],"version-history":[{"count":2,"href":"https:\/\/www.emporiovaltaro.it\/index.php?rest_route=\/wp\/v2\/pages\/2617\/revisions"}],"predecessor-version":[{"id":2622,"href":"https:\/\/www.emporiovaltaro.it\/index.php?rest_route=\/wp\/v2\/pages\/2617\/revisions\/2622"}],"wp:attachment":[{"href":"https:\/\/www.emporiovaltaro.it\/index.php?rest_route=%2Fwp%2Fv2%2Fmedia&parent=2617"}],"wp:term":[{"taxonomy":"post_tag","embeddable":true,"href":"https:\/\/www.emporiovaltaro.it\/index.php?rest_route=%2Fwp%2Fv2%2Ftags&post=2617"}],"curies":[{"name":"wp","href":"https:\/\/api.w.org\/{rel}","templated":true}]}}