{"id":2358,"date":"2025-05-26T21:50:03","date_gmt":"2025-05-26T19:50:03","guid":{"rendered":"https:\/\/www.emporiovaltaro.it\/?page_id=2358"},"modified":"2025-05-26T21:57:08","modified_gmt":"2025-05-26T19:57:08","slug":"privacy-policy-e-information","status":"publish","type":"page","link":"https:\/\/www.emporiovaltaro.it\/?page_id=2358","title":{"rendered":"Privacy Policy e Information"},"content":{"rendered":"\n<p class=\"has-blue-color has-text-color has-link-color wp-elements-f0d6661b337ed6d819cb9a90ad0f38f5\">Ogni visitatore del sito e ogni fruitore del servizio Emporio Solidale Valtaro come beneficiario o come donatore deve accedere alle informazioni di questa pagina per cui se ne consiglia un attenta lettura.<\/p>\n\n\n\n<h2 class=\"wp-block-heading\">Chi siamo<\/h2>\n\n\n\n<p>L&#8217;indirizzo del nostro sito web \u00e8: https:\/\/www.emporiovaltaro.it.<\/p>\n\n\n\n<h2 class=\"wp-block-heading\">Commenti<\/h2>\n\n\n\n<p>Quando i visitatori lasciano commenti sul sito, raccogliamo i dati mostrati nel modulo dei commenti oltre all&#8217;indirizzo IP del visitatore e la stringa dello user agent del browser per facilitare il rilevamento dello spam.<\/p>\n\n\n\n<p>Una stringa anonimizzata creata a partire dal tuo indirizzo email (altrimenti detta hash) pu\u00f2 essere fornita al servizio Gravatar per vedere se lo stai usando. La privacy policy del servizio Gravatar \u00e8 disponibile qui: https:\/\/automattic.com\/privacy\/. Dopo l&#8217;approvazione del tuo commento, la tua immagine del profilo \u00e8 visibile al pubblico nel contesto del tuo commento.<\/p>\n\n\n\n<h2 class=\"wp-block-heading\">Media<\/h2>\n\n\n\n<p>Se carichi immagini sul sito web, dovresti evitare di caricare immagini che includono i dati di posizione incorporati (EXIF GPS). I visitatori del sito web possono scaricare ed estrarre qualsiasi dato sulla posizione dalle immagini sul sito web.<\/p>\n\n\n\n<h2 class=\"wp-block-heading\">Cookie<\/h2>\n\n\n\n<p>Se lasci un commento sul nostro sito, puoi scegliere di salvare il tuo nome, indirizzo email e sito web nei cookie. Sono usati per la tua comodit\u00e0 in modo che tu non debba inserire nuovamente i tuoi dati quando lasci un altro commento. Questi cookie dureranno per un anno.<\/p>\n\n\n\n<p>Se visiti la pagina di login, verr\u00e0 impostato un cookie temporaneo per determinare se il tuo browser accetta i cookie. Questo cookie non contiene dati personali e viene eliminato quando chiudi il browser.<\/p>\n\n\n\n<p>Quando effettui l&#8217;accesso, verranno impostati diversi cookie per salvare le tue informazioni di accesso e le tue opzioni di visualizzazione dello schermo. I cookie di accesso durano due giorni mentre i cookie per le opzioni dello schermo durano un anno. Se selezioni &#8220;Ricordami&#8221;, il tuo accesso persister\u00e0 per due settimane. Se esci dal tuo account, i cookie di accesso verranno rimossi.<\/p>\n\n\n\n<p>Se modifichi o pubblichi un articolo, un cookie aggiuntivo verr\u00e0 salvato nel tuo browser. Questo cookie non include dati personali, ma indica semplicemente l&#8217;ID dell&#8217;articolo appena modificato. Scade dopo 1 giorno.<\/p>\n\n\n\n<h2 class=\"wp-block-heading\">Contenuto incorporato da altri siti web<\/h2>\n\n\n\n<p>Gli articoli su questo sito possono includere contenuti incorporati (ad esempio video, immagini, articoli, ecc.). I contenuti incorporati da altri siti web si comportano esattamente allo stesso modo come se il visitatore avesse visitato l&#8217;altro sito web.<\/p>\n\n\n\n<p>Questi siti web possono raccogliere dati su di te, usare cookie, integrare ulteriori tracciamenti di terze parti e monitorare l&#8217;interazione con essi, incluso il tracciamento della tua interazione con il contenuto incorporato se hai un account e sei connesso a quei siti web.<\/p>\n\n\n\n<h2 class=\"wp-block-heading\">Con chi condividiamo i tuoi dati<\/h2>\n\n\n\n<p>Se richiedi una reimpostazione della password, il tuo indirizzo IP verr\u00e0 incluso nell&#8217;email di reimpostazione.<\/p>\n\n\n\n<h2 class=\"wp-block-heading\">Per quanto tempo conserviamo i tuoi dati<\/h2>\n\n\n\n<p>Se lasci un commento, il commento e i relativi metadati vengono conservati a tempo indeterminato. \u00c8 cos\u00ec che possiamo riconoscere e approvare automaticamente eventuali commenti successivi invece di tenerli in una coda di moderazione.<\/p>\n\n\n\n<p>Per gli utenti che si registrano sul nostro sito web (se presenti), memorizziamo anche le informazioni personali che forniscono nel loro profilo utente. Tutti gli utenti possono vedere, modificare o eliminare le loro informazioni personali in qualsiasi momento (eccetto il loro nome utente che non possono cambiare). Gli amministratori del sito web possono anche vedere e modificare queste informazioni.<\/p>\n\n\n\n<h2 class=\"wp-block-heading\">Quali diritti hai sui tuoi dati<\/h2>\n\n\n\n<p>Se hai un account su questo sito, o hai lasciato commenti, puoi richiedere di ricevere un file esportato dal sito con i dati personali che abbiamo su di te, compresi i dati che ci hai fornito. Puoi anche richiedere che cancelliamo tutti i dati personali che ti riguardano. Questo non include i dati che siamo obbligati a conservare per scopi amministrativi, legali o di sicurezza.<\/p>\n\n\n\n<h2 class=\"wp-block-heading\">Dove i tuoi dati sono inviati<\/h2>\n\n\n\n<p>I commenti dei visitatori possono essere controllati attraverso un servizio di rilevamento automatico dello spam.<\/p>\n\n\n\n<h2 class=\"wp-block-heading\"><strong>INFORMATIVA GENERALE SULL&#8217;ATTIVITA&#8217; DELL&#8217;EMPORIO<\/strong><\/h2>\n\n\n\n<p>L\u2019attivita\u2019 dell\u2019Emporio solidale Valtaro e\u2019 regolamentato dallo statuto dell\u2019associazione \u201cBorgotaro solidale ODV\u201d aderente al terzo settore. Secondo gli scopi statutari, in modo gratuito dona alimenti, prodotti per l\u2019igiene e materiale non alimentare per il contrasto a fenomeni di povert\u00e0 materiale, alimentare ed educativa. Le donazioni avvengono in modo saltuario \u201cIn riferimento alle forniture alimentari reperite dai vari enti donatori o enti backLine\u201d.<\/p>\n\n\n\n<p>Per cui citando la <em><strong>Legge del Buon Samaritano art 1 <\/strong><\/em>e <em><strong>Le linee guida della regione Emilia Romagna<\/strong><\/em> le attivita\u2019 di tipo saltuario sono di un ente Front-Line che mantiene le caratteristiche del consumatore finale con l\u2019obbligo nei confronti dei beneficiari della comunicazione informativa in riferimento al buon stato di conservazione e alle modalit\u00e0 di conservazione dopo la donazione.<\/p>\n\n\n\n<p>Risulta responabilit\u00e0 del beneficiario la buona conservazione del bene alimentare al fine di non renderlo deperibile.<\/p>\n\n\n\n<p>In riferimento alla conservazione si seguono le buone prassi definite dall\u2019 Istituto Superiore della Sanita\u2019 e dalla Regione emilia-romagna nell\u2019opuscolo in cui si stabiliscono in via indicativa i tempo di conservazione delle derrate con definito il <strong>T<\/strong><strong>empo <\/strong><strong>M<\/strong><strong>inimo <\/strong><strong>C<\/strong><strong>onservazione<\/strong><strong>TMC<\/strong> e la non distibuibilit\u00e0 delle derrate deperibili entro la scadenza.<\/p>\n\n\n\n<p><a href=\"https:\/\/bur.regione.emilia-romagna.it\/area-bollettini\/bollettini-in-lavorazione\/giugno-periodico-parte-seconda-1a-quindicina.2022-06-07.5999068601\/aggiornamento-e-approvazione-linea-guida-per-il-recupero-la-distribuzione-e-lutilizzo-di-prodotti-alimentari-per-fini-di-solidarieta-sociale\/allegato1-alle-linee-guida-spr.2022-06-07.1654596825\" target=\"_blank\" rel=\"noreferrer noopener\">Opuscolo regionale<\/a><\/p>\n\n\n\n<p>Cit.<\/p>\n\n\n\n<p><strong>Legge n\u00b0155\/2003 <a href=\"https:\/\/www.normattiva.it\/uri-res\/N2Ls?urn:nir:stato:legge:2003-06-25;155!vig=\" target=\"_blank\" rel=\"noreferrer noopener\">\u201cLegge del buon samaritano\u201d<\/a><\/strong><\/p>\n\n\n\n<p>ART 1 \u201cGli enti pubblici nonch\u00e9 gli enti privati costituiti per il perseguimento, senza scopo di lucro, di finalit\u00e0 civiche e solidaristiche e che, in attuazione del principio di sussidiariet\u00e0 e in coerenza con i rispettivi statuti o atti costitutivi, promuovono e realizzano attivit\u00e0 d&#8217;interesse generale anche mediante la produzione e lo scambio di beni e servizi di utilit\u00e0 sociale nonch\u00e9 attraverso forme di mutualit\u00e0, compresi&nbsp;<\/p>\n\n\n\n<p><em>((gli enti del Terzo settore di cui al codice del Terzo settore, di cui al&nbsp;<\/em><a href=\"https:\/\/www.normattiva.it\/uri-res\/N2Ls?urn:nir:stato:decreto.legislativo:2017-07-03;117\" target=\"_blank\" rel=\"noreferrer noopener\"><em><u>decreto legislativo 3 luglio 2017, n. 117<\/u><\/em><\/a><em>))<\/em><\/p>\n\n\n\n<p>, che effettuano, a fini di beneficenza, distribuzione gratuita di prodotti alimentari, di prodotti farmaceutici e di altri prodotti agli indigenti, sono equiparati, nei limiti del servizio prestato, ai consumatori finali, ai fini del corretto stato di conservazione, trasporto, deposito e utilizzo degli stessi.\u201d<\/p>\n\n\n\n<p><strong>Dal Linea guida per il recupero, la distribuzione e l\u2019utilizzo di prodotti alimentari per fini di solidariet\u00e0 sociale<\/strong><\/p>\n\n\n\n<p>\u201cLo Stato italiano con la Legge n. 155 del 16 luglio 2003 \u201cDisciplina della Distribuzione dei prodotti alimentari a fini di solidariet\u00e0 sociale\u201d (c.d. Legge del Buon Samaritano) equipara al consumatore finale le organizzazioni di volontariato che raccolgono e distribuiscono il cibo a persone indigenti. A seguito dell\u2019approvazione del Codice del terzo Settore, vengono ampliati i soggetti che possono raccogliere e distribuire alimenti. L\u2019unico articolo della legge \u201cdel Buon Samaritano\u201d viene pertanto cos\u00ec modificato \u201dGli enti pubblici nonch\u00e9 gli enti privati costituiti per il perseguimento, senza scopo di lucro, di finalit\u00e0 civiche e solidaristiche e che, in attuazione del principio di sussidiariet\u00e0 e in coerenza con i rispettivi statuti o atti costitutivi, promuovono e realizzano attivit\u00e0 d&#8217;interesse generale anche mediante la produzione e lo scambio di beni e servizi di utilit\u00e0 sociale nonch\u00e9 attraverso forme di mutualit\u00e0, compresi gli enti del Terzo settore di cui al decreto legislativo 3 luglio 2017, n. 117 (Codice del Terzo settore), che effettuano, a fini di beneficenza, distribuzione gratuita di prodotti alimentari, di prodotti farmaceutici e di altri prodotti agli indigenti, sono equiparati, nei limiti del servizio prestato, ai consumatori finali, ai fini del corretto stato di conservazione, trasporto, deposito e utilizzo degli stessi\u201d.\u201d<\/p>\n<div class=\"pdfprnt-buttons pdfprnt-buttons-page pdfprnt-bottom-right\"><a href=\"https:\/\/www.emporiovaltaro.it\/index.php?rest_route=%2Fwp%2Fv2%2Fpages%2F2358&print=print\" class=\"pdfprnt-button pdfprnt-button-print\" target=\"_blank\" ><img decoding=\"async\" src=\"https:\/\/www.emporiovaltaro.it\/wp-content\/plugins\/pdf-print\/images\/print.png\" alt=\"image_print\" title=\"Stampa contenuto\" \/><\/a><\/div>","protected":false},"excerpt":{"rendered":"<p>Ogni visitatore del sito e ogni fruitore del servizio Emporio Solidale Valtaro come beneficiario o come donatore deve accedere alle informazioni di questa pagina per cui se ne consiglia un attenta lettura. Chi siamo L&#8217;indirizzo del nostro sito web \u00e8: https:\/\/www.emporiovaltaro.it. Commenti Quando i visitatori lasciano commenti sul sito, raccogliamo i dati mostrati nel modulo dei commenti oltre all&#8217;indirizzo IP del visitatore e la stringa dello user agent del browser per facilitare il rilevamento dello spam. Una stringa anonimizzata creata a partire dal tuo indirizzo email (altrimenti detta hash) pu\u00f2 essere fornita al servizio Gravatar per vedere se lo stai usando. La privacy policy del servizio Gravatar \u00e8 disponibile qui: https:\/\/automattic.com\/privacy\/. Dopo l&#8217;approvazione del tuo commento, la tua immagine del profilo \u00e8 visibile al pubblico nel contesto del tuo commento. Media Se carichi immagini sul sito web, dovresti evitare di caricare immagini che includono i dati di posizione incorporati (EXIF GPS). I visitatori del sito web possono scaricare <a class=\"more-link\" href=\"https:\/\/www.emporiovaltaro.it\/?page_id=2358\">Leggi tutto <span class=\"screen-reader-text\">  Privacy Policy e Information<\/span><span class=\"meta-nav\">&rarr;<\/span><\/a><\/p>\n","protected":false},"author":113,"featured_media":0,"parent":0,"menu_order":0,"comment_status":"closed","ping_status":"closed","template":"","meta":{"om_disable_all_campaigns":false,"_monsterinsights_skip_tracking":false,"_monsterinsights_sitenote_active":false,"_monsterinsights_sitenote_note":"","_monsterinsights_sitenote_category":0,"footnotes":""},"tags":[16,9,143,142,146,144],"class_list":["post-2358","page","type-page","status-publish","hentry","tag-cibo","tag-emporio-solidale","tag-informazioni","tag-privacy","tag-scadenza","tag-tmc"],"aioseo_notices":[],"_links":{"self":[{"href":"https:\/\/www.emporiovaltaro.it\/index.php?rest_route=\/wp\/v2\/pages\/2358","targetHints":{"allow":["GET"]}}],"collection":[{"href":"https:\/\/www.emporiovaltaro.it\/index.php?rest_route=\/wp\/v2\/pages"}],"about":[{"href":"https:\/\/www.emporiovaltaro.it\/index.php?rest_route=\/wp\/v2\/types\/page"}],"author":[{"embeddable":true,"href":"https:\/\/www.emporiovaltaro.it\/index.php?rest_route=\/wp\/v2\/users\/113"}],"replies":[{"embeddable":true,"href":"https:\/\/www.emporiovaltaro.it\/index.php?rest_route=%2Fwp%2Fv2%2Fcomments&post=2358"}],"version-history":[{"count":2,"href":"https:\/\/www.emporiovaltaro.it\/index.php?rest_route=\/wp\/v2\/pages\/2358\/revisions"}],"predecessor-version":[{"id":2361,"href":"https:\/\/www.emporiovaltaro.it\/index.php?rest_route=\/wp\/v2\/pages\/2358\/revisions\/2361"}],"wp:attachment":[{"href":"https:\/\/www.emporiovaltaro.it\/index.php?rest_route=%2Fwp%2Fv2%2Fmedia&parent=2358"}],"wp:term":[{"taxonomy":"post_tag","embeddable":true,"href":"https:\/\/www.emporiovaltaro.it\/index.php?rest_route=%2Fwp%2Fv2%2Ftags&post=2358"}],"curies":[{"name":"wp","href":"https:\/\/api.w.org\/{rel}","templated":true}]}}